{"id":63,"date":"2025-11-10T10:56:09","date_gmt":"2025-11-10T09:56:09","guid":{"rendered":"https:\/\/ateral.framegirona2.dev\/?page_id=63"},"modified":"2025-12-01T12:53:18","modified_gmt":"2025-12-01T11:53:18","slug":"servicios","status":"publish","type":"page","link":"https:\/\/ateral.es\/ca\/servicios\/","title":{"rendered":"Serveis"},"content":{"rendered":"<div data-elementor-type=\"wp-page\" data-elementor-id=\"63\" class=\"elementor elementor-63\" data-elementor-post-type=\"page\">\n\t\t\t\t<div class=\"elementor-element elementor-element-ea00b89 e-flex e-con-boxed e-con e-parent\" data-id=\"ea00b89\" data-element_type=\"container\">\n\t\t\t\t\t<div class=\"e-con-inner\">\n\t\t<div class=\"elementor-element elementor-element-c372d9b e-con-full e-flex elementor-invisible e-con e-child\" data-id=\"c372d9b\" data-element_type=\"container\" data-settings=\"{&quot;animation&quot;:&quot;fadeInLeft&quot;,&quot;animation_delay&quot;:200}\">\n\t\t\t\t<div class=\"elementor-element elementor-element-3f8e50a elementor-widget__width-inherit elementor-widget elementor-widget-heading\" data-id=\"3f8e50a\" data-element_type=\"widget\" data-widget_type=\"heading.default\">\n\t\t\t\t\t<h2 class=\"elementor-heading-title elementor-size-default\">Serveis<\/h2>\t\t\t\t<\/div>\n\t\t\t\t<div class=\"elementor-element elementor-element-34a6e24 elementor-widget elementor-widget-heading\" data-id=\"34a6e24\" data-element_type=\"widget\" data-widget_type=\"heading.default\">\n\t\t\t\t\t<h3 class=\"elementor-heading-title elementor-size-default\">Instal\u00b7laci\u00f3 i manteniment residencial i industrial <\/h3>\t\t\t\t<\/div>\n\t\t\t\t<\/div>\n\t\t<div class=\"elementor-element elementor-element-79ecafc e-con-full e-flex elementor-invisible e-con e-child\" data-id=\"79ecafc\" data-element_type=\"container\" data-settings=\"{&quot;animation&quot;:&quot;fadeInRight&quot;,&quot;animation_delay&quot;:200}\">\n\t\t\t\t<div class=\"elementor-element elementor-element-e6dbcee elementor-widget elementor-widget-text-editor\" data-id=\"e6dbcee\" data-element_type=\"widget\" data-widget_type=\"text-editor.default\">\n\t\t\t\t\t\t\t\t\t<p>A Ateral oferim solucions t\u00e8cniques integrals per a instal\u00b7lacions residencials, comercials i industrials. Acompanyem els nostres clients en totes les fases del projecte, des de l&#039;assessorament i el disseny fins a l&#039;execuci\u00f3, la posada en marxa i el manteniment de les instal\u00b7lacions.\u00a0<\/p>\t\t\t\t\t\t\t\t<\/div>\n\t\t\t\t<\/div>\n\t\t\t\t\t<\/div>\n\t\t\t\t<\/div>\n\t\t<div class=\"elementor-element elementor-element-6f367a3 e-flex e-con-boxed e-con e-parent\" data-id=\"6f367a3\" data-element_type=\"container\">\n\t\t\t\t\t<div class=\"e-con-inner\">\n\t\t<div class=\"elementor-element elementor-element-672c31e e-con-full e-flex e-con e-child\" data-id=\"672c31e\" data-element_type=\"container\">\n\t\t\t\t<div class=\"elementor-element elementor-element-c5bc0e7 elementor-cta--layout-image-left elementor-cta--mobile-layout-image-above elementor-cta--valign-top elementor-cta--skin-classic elementor-animated-content elementor-bg-transform elementor-bg-transform-zoom-in elementor-widget elementor-widget-call-to-action\" data-id=\"c5bc0e7\" data-element_type=\"widget\" data-widget_type=\"call-to-action.default\">\n\t\t\t\t\t\t\t<div class=\"elementor-cta\">\n\t\t\t\t\t<div class=\"elementor-cta__bg-wrapper\">\n\t\t\t\t<div class=\"elementor-cta__bg elementor-bg\" style=\"background-image: url(https:\/\/ateral.es\/wp-content\/uploads\/2025\/11\/Electricidad.jpg);\" role=\"img\" aria-label=\"Serveis d&#039;electricitat\"><\/div>\n\t\t\t\t<div class=\"elementor-cta__bg-overlay\"><\/div>\n\t\t\t<\/div>\n\t\t\t\t\t\t\t<div class=\"elementor-cta__content\">\n\t\t\t\t\n\t\t\t\t\t\t\t\t\t<h2 class=\"elementor-cta__title elementor-cta__content-item elementor-content-item\">\n\t\t\t\t\t\tElectricitat\t\t\t\t\t<\/h2>\n\t\t\t\t\n\t\t\t\t\t\t\t\t\t<div class=\"elementor-cta__description elementor-cta__content-item elementor-content-item\">\n\t\t\t\t\t\tA Ateral oferim un servei integral en instal\u00b7lacions el\u00e8ctriques, tant per a entorns dom\u00e8stics com industrials. Realitzem quadres el\u00e8ctrics, cablejats de xarxa, sistemes de comunicaci\u00f3, grups electr\u00f2gens, SAIS (Sistemes d&#039;Alimentaci\u00f3 Ininterrompuda) i sistemes de seguretat, assegurant en cada projecte fiabilitat, compliment normatiu i un alt nivell de qualitat t\u00e8cnica.\t\t\t\t\t<\/div>\n\t\t\t\t\n\t\t\t\t\t\t\t<\/div>\n\t\t\t\t\t\t<\/div>\n\t\t\t\t\t\t<\/div>\n\t\t\t\t<div class=\"elementor-element elementor-element-12c7091 elementor-cta--layout-image-right elementor-cta--mobile-layout-image-above elementor-cta--skin-classic elementor-animated-content elementor-bg-transform elementor-bg-transform-zoom-in elementor-widget elementor-widget-call-to-action\" data-id=\"12c7091\" data-element_type=\"widget\" data-widget_type=\"call-to-action.default\">\n\t\t\t\t\t\t\t<div class=\"elementor-cta\">\n\t\t\t\t\t<div class=\"elementor-cta__bg-wrapper\">\n\t\t\t\t<div class=\"elementor-cta__bg elementor-bg\" style=\"background-image: url(https:\/\/ateral.es\/wp-content\/uploads\/2025\/11\/Fontaneria.jpg);\" role=\"img\" aria-label=\"Serveis de fontaneria\"><\/div>\n\t\t\t\t<div class=\"elementor-cta__bg-overlay\"><\/div>\n\t\t\t<\/div>\n\t\t\t\t\t\t\t<div class=\"elementor-cta__content\">\n\t\t\t\t\n\t\t\t\t\t\t\t\t\t<h2 class=\"elementor-cta__title elementor-cta__content-item elementor-content-item\">\n\t\t\t\t\t\tFontaneria\t\t\t\t\t<\/h2>\n\t\t\t\t\n\t\t\t\t\t\t\t\t\t<div class=\"elementor-cta__description elementor-cta__content-item elementor-content-item\">\n\t\t\t\t\t\tSolucions integrals en fontaneria i aigua, Ens ocupem de tot: xarxes de subministrament d&#039;aigua, desguassos, sistemes de reg, grups de pressi\u00f3, sistemes de recirculaci\u00f3 d&#039;aigua calenta sanit\u00e0ria i tractaments d&#039;aigua com a descalcificaci\u00f3 o filtratge avan\u00e7at, El nostre equip t\u00e8cnic assegura un resultat garantit, durador i conforme a les normatives vigents i recomanacions de fabricants.\t\t\t\t\t<\/div>\n\t\t\t\t\n\t\t\t\t\t\t\t<\/div>\n\t\t\t\t\t\t<\/div>\n\t\t\t\t\t\t<\/div>\n\t\t\t\t<div class=\"elementor-element elementor-element-46fd4b5 elementor-cta--layout-image-left elementor-cta--mobile-layout-image-above elementor-cta--skin-classic elementor-animated-content elementor-bg-transform elementor-bg-transform-zoom-in elementor-widget elementor-widget-call-to-action\" data-id=\"46fd4b5\" data-element_type=\"widget\" data-widget_type=\"call-to-action.default\">\n\t\t\t\t\t\t\t<div class=\"elementor-cta\">\n\t\t\t\t\t<div class=\"elementor-cta__bg-wrapper\">\n\t\t\t\t<div class=\"elementor-cta__bg elementor-bg\" style=\"background-image: url(https:\/\/ateral.es\/wp-content\/uploads\/2025\/11\/Cimatizacion.jpg);\" role=\"img\" aria-label=\"Serveis de climatitzaci\u00f3\"><\/div>\n\t\t\t\t<div class=\"elementor-cta__bg-overlay\"><\/div>\n\t\t\t<\/div>\n\t\t\t\t\t\t\t<div class=\"elementor-cta__content\">\n\t\t\t\t\n\t\t\t\t\t\t\t\t\t<h2 class=\"elementor-cta__title elementor-cta__content-item elementor-content-item\">\n\t\t\t\t\t\tClimatitzaci\u00f3\t\t\t\t\t<\/h2>\n\t\t\t\t\n\t\t\t\t\t\t\t\t\t<div class=\"elementor-cta__description elementor-cta__content-item elementor-content-item\">\n\t\t\t\t\t\tEls serveis de climatitzaci\u00f3 d\u00b4Ateral estan pensats per oferir benestar i efici\u00e8ncia durant tot l\u00b4any. Treballem amb els principals sistemes de calefacci\u00f3 i aire condicionat, com bombes de calor (aerot\u00e8rmia, geot\u00e8rmia), terres radiants i ventilaci\u00f3 (recuperador de calor, ventilaci\u00f3 for\u00e7ada i extracci\u00f3) dissenyant instal\u00b7lacions a mida per a habitatges, locals comercials i naus industrials.\t\t\t\t\t<\/div>\n\t\t\t\t\n\t\t\t\t\t\t\t<\/div>\n\t\t\t\t\t\t<\/div>\n\t\t\t\t\t\t<\/div>\n\t\t\t\t<div class=\"elementor-element elementor-element-7929c02 elementor-cta--layout-image-right elementor-cta--mobile-layout-image-above elementor-cta--skin-classic elementor-animated-content elementor-bg-transform elementor-bg-transform-zoom-in elementor-widget elementor-widget-call-to-action\" data-id=\"7929c02\" data-element_type=\"widget\" data-widget_type=\"call-to-action.default\">\n\t\t\t\t\t\t\t<div class=\"elementor-cta\">\n\t\t\t\t\t<div class=\"elementor-cta__bg-wrapper\">\n\t\t\t\t<div class=\"elementor-cta__bg elementor-bg\" style=\"background-image: url(https:\/\/ateral.es\/wp-content\/uploads\/2025\/11\/Aerotermia.jpg);\" role=\"img\" aria-label=\"Serveis d&#039;aerot\u00e8rmia\"><\/div>\n\t\t\t\t<div class=\"elementor-cta__bg-overlay\"><\/div>\n\t\t\t<\/div>\n\t\t\t\t\t\t\t<div class=\"elementor-cta__content\">\n\t\t\t\t\n\t\t\t\t\t\t\t\t\t<h2 class=\"elementor-cta__title elementor-cta__content-item elementor-content-item\">\n\t\t\t\t\t\tAerot\u00e8rmia\t\t\t\t\t<\/h2>\n\t\t\t\t\n\t\t\t\t\t\t\t\t\t<div class=\"elementor-cta__description elementor-cta__content-item elementor-content-item\">\n\t\t\t\t\t\tEls sistemes d&#039;aerot\u00e8rmia permeten gaudir de calor a l&#039;hivern, frescor a l&#039;estiu i aigua calenta tot l&#039;any, amb un consum m\u00ednim i un gran estalvi a la factura el\u00e8ctrica, una soluci\u00f3 moderna, eficient i respectuosa amb el medi ambient. A Ateral ens encarreguem de dissenyar la teva instal\u00b7laci\u00f3, assessorament i l&#039;execuci\u00f3 del projecte adaptant-nos a les teves necessitats de la m\u00e0 amb el suport t\u00e8cnic de les marques m\u00e9s reconegudes que garanteixen un funcionament correcte i sobretot un bon servei postvenda r\u00e0pid i eficient.\t\t\t\t\t<\/div>\n\t\t\t\t\n\t\t\t\t\t\t\t<\/div>\n\t\t\t\t\t\t<\/div>\n\t\t\t\t\t\t<\/div>\n\t\t\t\t<div class=\"elementor-element elementor-element-fba4140 elementor-cta--layout-image-left elementor-cta--mobile-layout-image-above elementor-cta--skin-classic elementor-animated-content elementor-bg-transform elementor-bg-transform-zoom-in elementor-widget elementor-widget-call-to-action\" data-id=\"fba4140\" data-element_type=\"widget\" data-widget_type=\"call-to-action.default\">\n\t\t\t\t\t\t\t<div class=\"elementor-cta\">\n\t\t\t\t\t<div class=\"elementor-cta__bg-wrapper\">\n\t\t\t\t<div class=\"elementor-cta__bg elementor-bg\" style=\"background-image: url(https:\/\/ateral.es\/wp-content\/uploads\/2025\/11\/Geotermia.jpg);\" role=\"img\" aria-label=\"Serveis de geometria\"><\/div>\n\t\t\t\t<div class=\"elementor-cta__bg-overlay\"><\/div>\n\t\t\t<\/div>\n\t\t\t\t\t\t\t<div class=\"elementor-cta__content\">\n\t\t\t\t\n\t\t\t\t\t\t\t\t\t<h2 class=\"elementor-cta__title elementor-cta__content-item elementor-content-item\">\n\t\t\t\t\t\tGeot\u00e8rmia\t\t\t\t\t<\/h2>\n\t\t\t\t\n\t\t\t\t\t\t\t\t\t<div class=\"elementor-cta__description elementor-cta__content-item elementor-content-item\">\n\t\t\t\t\t\tA Ateral dissenyem sistemes de geot\u00e8rmia amb diferents opcions d&#039;instal\u00b7laci\u00f3: sondejos verticals, captaci\u00f3 horitzontal o fre\u00e0tica segons les caracter\u00edstiques del terreny i les necessitats del projecte. L&#039;energia geot\u00e8rmica ens permet aprofitar la calor natural del subs\u00f2l per obtenir calefacci\u00f3, refrigeraci\u00f3 i aigua calenta sanit\u00e0ria de manera eficient, renovable i respectuosa amb el medi ambient.\t\t\t\t\t<\/div>\n\t\t\t\t\n\t\t\t\t\t\t\t<\/div>\n\t\t\t\t\t\t<\/div>\n\t\t\t\t\t\t<\/div>\n\t\t\t\t<div class=\"elementor-element elementor-element-1d96e55 elementor-cta--layout-image-right elementor-cta--mobile-layout-image-above elementor-cta--skin-classic elementor-animated-content elementor-bg-transform elementor-bg-transform-zoom-in elementor-widget elementor-widget-call-to-action\" data-id=\"1d96e55\" data-element_type=\"widget\" data-widget_type=\"call-to-action.default\">\n\t\t\t\t\t\t\t<div class=\"elementor-cta\">\n\t\t\t\t\t<div class=\"elementor-cta__bg-wrapper\">\n\t\t\t\t<div class=\"elementor-cta__bg elementor-bg\" style=\"background-image: url(https:\/\/ateral.es\/wp-content\/uploads\/2025\/11\/Saneamiento.jpg);\" role=\"img\" aria-label=\"Serveis de sanejament\"><\/div>\n\t\t\t\t<div class=\"elementor-cta__bg-overlay\"><\/div>\n\t\t\t<\/div>\n\t\t\t\t\t\t\t<div class=\"elementor-cta__content\">\n\t\t\t\t\n\t\t\t\t\t\t\t\t\t<h2 class=\"elementor-cta__title elementor-cta__content-item elementor-content-item\">\n\t\t\t\t\t\tSanejament\t\t\t\t\t<\/h2>\n\t\t\t\t\n\t\t\t\t\t\t\t\t\t<div class=\"elementor-cta__description elementor-cta__content-item elementor-content-item\">\n\t\t\t\t\t\t\nRealitzem l&#039;estudi i l&#039;execuci\u00f3 de xarxes de canonades d&#039;evacuaci\u00f3 d&#039;aig\u00fces residuals i pluvials, instal\u00b7laci\u00f3 de baixants, arquetes, separadors i fosses s\u00e8ptiques, garantint el correcte funcionament i compliment de la normativa vigent tant per a projectes d&#039;obra residencial com a locals comercials i naus industrials. El nostre objectiu \u00e9s oferir solucions segures, sostenibles i d&#039;alta qualitat a totes les fases de la instal\u00b7laci\u00f3.\t\t\t\t\t<\/div>\n\t\t\t\t\n\t\t\t\t\t\t\t<\/div>\n\t\t\t\t\t\t<\/div>\n\t\t\t\t\t\t<\/div>\n\t\t\t\t<div class=\"elementor-element elementor-element-ead612f elementor-cta--layout-image-left elementor-cta--mobile-layout-image-above elementor-cta--skin-classic elementor-animated-content elementor-bg-transform elementor-bg-transform-zoom-in elementor-widget elementor-widget-call-to-action\" data-id=\"ead612f\" data-element_type=\"widget\" data-widget_type=\"call-to-action.default\">\n\t\t\t\t\t\t\t<div class=\"elementor-cta\">\n\t\t\t\t\t<div class=\"elementor-cta__bg-wrapper\">\n\t\t\t\t<div class=\"elementor-cta__bg elementor-bg\" style=\"background-image: url(https:\/\/ateral.es\/wp-content\/uploads\/2025\/11\/Fotovoltaica.jpg);\" role=\"img\" aria-label=\"Serveis d&#039;instal\u00b7laci\u00f3 i manteniment residencial i industrial\"><\/div>\n\t\t\t\t<div class=\"elementor-cta__bg-overlay\"><\/div>\n\t\t\t<\/div>\n\t\t\t\t\t\t\t<div class=\"elementor-cta__content\">\n\t\t\t\t\n\t\t\t\t\t\t\t\t\t<h2 class=\"elementor-cta__title elementor-cta__content-item elementor-content-item\">\n\t\t\t\t\t\tFotovoltaica\t\t\t\t\t<\/h2>\n\t\t\t\t\n\t\t\t\t\t\t\t\t\t<div class=\"elementor-cta__description elementor-cta__content-item elementor-content-item\">\n\t\t\t\t\t\tA Ateral oferim assessorament i gesti\u00f3 de projectes d&#039;autoconsum i emmagatzematge energ\u00e8tic, ajudant-te a aprofitar al m\u00e0xim l&#039;energia solar al teu habitatge o empresa. realitzem la instal\u00b7laci\u00f3 de sistemes fotovoltaics i bateries, optimitzant el consum energ\u00e8tic i reduint la depend\u00e8ncia de la xarxa el\u00e8ctrica. Apostem per les energies renovables amb projectes adaptats a cada necessitat.\t\t\t\t\t<\/div>\n\t\t\t\t\n\t\t\t\t\t\t\t<\/div>\n\t\t\t\t\t\t<\/div>\n\t\t\t\t\t\t<\/div>\n\t\t\t\t<div class=\"elementor-element elementor-element-859786a elementor-cta--layout-image-right elementor-cta--mobile-layout-image-above elementor-cta--skin-classic elementor-animated-content elementor-bg-transform elementor-bg-transform-zoom-in elementor-widget elementor-widget-call-to-action\" data-id=\"859786a\" data-element_type=\"widget\" data-widget_type=\"call-to-action.default\">\n\t\t\t\t\t\t\t<div class=\"elementor-cta\">\n\t\t\t\t\t<div class=\"elementor-cta__bg-wrapper\">\n\t\t\t\t<div class=\"elementor-cta__bg elementor-bg\" style=\"background-image: url(https:\/\/ateral.es\/wp-content\/uploads\/2025\/11\/Mantenimiento.jpg);\" role=\"img\" aria-label=\"Serveis de manteniment\"><\/div>\n\t\t\t\t<div class=\"elementor-cta__bg-overlay\"><\/div>\n\t\t\t<\/div>\n\t\t\t\t\t\t\t<div class=\"elementor-cta__content\">\n\t\t\t\t\n\t\t\t\t\t\t\t\t\t<h2 class=\"elementor-cta__title elementor-cta__content-item elementor-content-item\">\n\t\t\t\t\t\tManteniment\t\t\t\t\t<\/h2>\n\t\t\t\t\n\t\t\t\t\t\t\t\t\t<div class=\"elementor-cta__description elementor-cta__content-item elementor-content-item\">\n\t\t\t\t\t\tCuidem de les teves instal\u00b7lacions perqu\u00e8 funcionin sempre amb seguretat, efici\u00e8ncia i sense avaries inesperades. Revisem els teus sistemes el\u00e8ctrics, aigua calenta sanit\u00e0ria, bombes i filtres, aerot\u00e8rmia i geot\u00e8rmia, i tamb\u00e9 calderes i sistemes de calefacci\u00f3 i climatitzaci\u00f3 (fred i calor), tant a instal\u00b7lacions noves on realitzem la posada en marxa com en sistemes ja existents que necessitin manteniment. El nostre servei se centra a prevenir errors, optimitzar el rendiment i allargar la vida \u00fatil dels teus equips, perqu\u00e8 guanyis tranquil\u00b7litat i evitis costos innecessaris. El nostre valor afegit \u00e9s clar: ens preocupem pel teu benestar. Cada visita inclou una revisi\u00f3 completa i recomanacions senzilles perqu\u00e8 s\u00e0pigues exactament en quin estat es troben les teves instal\u00b7lacions i qu\u00e8 pot millorar.\t\t\t\t\t<\/div>\n\t\t\t\t\n\t\t\t\t\t\t\t<\/div>\n\t\t\t\t\t\t<\/div>\n\t\t\t\t\t\t<\/div>\n\t\t\t\t<div class=\"elementor-element elementor-element-6d31674 elementor-cta--layout-image-left elementor-cta--mobile-layout-image-above elementor-cta--skin-classic elementor-animated-content elementor-bg-transform elementor-bg-transform-zoom-in elementor-widget elementor-widget-call-to-action\" data-id=\"6d31674\" data-element_type=\"widget\" data-widget_type=\"call-to-action.default\">\n\t\t\t\t\t\t\t<div class=\"elementor-cta\">\n\t\t\t\t\t<div class=\"elementor-cta__bg-wrapper\">\n\t\t\t\t<div class=\"elementor-cta__bg elementor-bg\" style=\"background-image: url(https:\/\/ateral.es\/wp-content\/uploads\/2025\/11\/MantenimientoIndustrial.jpg);\" role=\"img\" aria-label=\"Serveis de manteniment industrial\"><\/div>\n\t\t\t\t<div class=\"elementor-cta__bg-overlay\"><\/div>\n\t\t\t<\/div>\n\t\t\t\t\t\t\t<div class=\"elementor-cta__content\">\n\t\t\t\t\n\t\t\t\t\t\t\t\t\t<h2 class=\"elementor-cta__title elementor-cta__content-item elementor-content-item\">\n\t\t\t\t\t\tManteniment industrial\t\t\t\t\t<\/h2>\n\t\t\t\t\n\t\t\t\t\t\t\t\t\t<div class=\"elementor-cta__description elementor-cta__content-item elementor-content-item\">\n\t\t\t\t\t\tA Ateral cuidem del bon funcionament de les teves instal\u00b7lacions industrials. Ens encarreguem del manteniment peri\u00f2dic preventiu d&#039;equips i sistemes, evitant parades imprevistes i reduint costos operatius. La nostra prioritat \u00e9s intentar que la teva producci\u00f3 mai no s&#039;aturi i que les teves instal\u00b7lacions treballin sempre al m\u00e0xim rendiment.\t\t\t\t\t<\/div>\n\t\t\t\t\n\t\t\t\t\t\t\t<\/div>\n\t\t\t\t\t\t<\/div>\n\t\t\t\t\t\t<\/div>\n\t\t\t\t<\/div>\n\t\t\t\t\t<\/div>\n\t\t\t\t<\/div>\n\t\t\t\t<\/div>","protected":false},"excerpt":{"rendered":"<p>Serveis Instal\u00b7laci\u00f3 i manteniment residencial i industrial A Ateral oferim solucions t\u00e8cniques integrals per a instal\u00b7lacions residencials, comercials i industrials. Acompanyem els nostres clients en totes les fases del projecte, des de l&#039;assessorament i el disseny fins a l&#039;execuci\u00f3, la posada en marxa i el manteniment de les instal\u00b7lacions. Electricitat A Ateral oferim un servei integral en instal\u00b7lacions [\u2026]<\/p>","protected":false},"author":1,"featured_media":393,"parent":0,"menu_order":0,"comment_status":"closed","ping_status":"closed","template":"","meta":{"footnotes":""},"class_list":["post-63","page","type-page","status-publish","has-post-thumbnail","hentry"],"_links":{"self":[{"href":"https:\/\/ateral.es\/ca\/wp-json\/wp\/v2\/pages\/63","targetHints":{"allow":["GET"]}}],"collection":[{"href":"https:\/\/ateral.es\/ca\/wp-json\/wp\/v2\/pages"}],"about":[{"href":"https:\/\/ateral.es\/ca\/wp-json\/wp\/v2\/types\/page"}],"author":[{"embeddable":true,"href":"https:\/\/ateral.es\/ca\/wp-json\/wp\/v2\/users\/1"}],"replies":[{"embeddable":true,"href":"https:\/\/ateral.es\/ca\/wp-json\/wp\/v2\/comments?post=63"}],"version-history":[{"count":38,"href":"https:\/\/ateral.es\/ca\/wp-json\/wp\/v2\/pages\/63\/revisions"}],"predecessor-version":[{"id":471,"href":"https:\/\/ateral.es\/ca\/wp-json\/wp\/v2\/pages\/63\/revisions\/471"}],"wp:featuredmedia":[{"embeddable":true,"href":"https:\/\/ateral.es\/ca\/wp-json\/wp\/v2\/media\/393"}],"wp:attachment":[{"href":"https:\/\/ateral.es\/ca\/wp-json\/wp\/v2\/media?parent=63"}],"curies":[{"name":"wp","href":"https:\/\/api.w.org\/{rel}","templated":true}]}}