{"id":61,"date":"2025-11-10T10:55:56","date_gmt":"2025-11-10T09:55:56","guid":{"rendered":"https:\/\/ateral.framegirona2.dev\/?page_id=61"},"modified":"2025-12-01T12:49:44","modified_gmt":"2025-12-01T11:49:44","slug":"sobre-nosotros","status":"publish","type":"page","link":"https:\/\/ateral.es\/ca\/sobre-nosotros\/","title":{"rendered":"Sobre nosaltres"},"content":{"rendered":"<div data-elementor-type=\"wp-page\" data-elementor-id=\"61\" class=\"elementor elementor-61\" data-elementor-post-type=\"page\">\n\t\t\t\t<div class=\"elementor-element elementor-element-0053493 e-flex e-con-boxed e-con e-parent\" data-id=\"0053493\" data-element_type=\"container\">\n\t\t\t\t\t<div class=\"e-con-inner\">\n\t\t<div class=\"elementor-element elementor-element-b679dea e-con-full e-flex elementor-invisible e-con e-child\" data-id=\"b679dea\" data-element_type=\"container\" data-settings=\"{&quot;animation&quot;:&quot;fadeInLeft&quot;,&quot;animation_delay&quot;:200}\">\n\t\t\t\t<div class=\"elementor-element elementor-element-67ed8a8 elementor-widget elementor-widget-heading\" data-id=\"67ed8a8\" data-element_type=\"widget\" data-widget_type=\"heading.default\">\n\t\t\t\t\t<h3 class=\"elementor-heading-title elementor-size-default\">Ateral especialistes en instal\u00b7lacions i manteniment<\/h3>\t\t\t\t<\/div>\n\t\t\t\t<div class=\"elementor-element elementor-element-03d6c59 elementor-widget elementor-widget-heading\" data-id=\"03d6c59\" data-element_type=\"widget\" data-widget_type=\"heading.default\">\n\t\t\t\t\t<h2 class=\"elementor-heading-title elementor-size-default\">Instal\u00b7lacions residencials i industrials <\/h2>\t\t\t\t<\/div>\n\t\t\t\t<div class=\"elementor-element elementor-element-fbff738 elementor-widget elementor-widget-text-editor\" data-id=\"fbff738\" data-element_type=\"widget\" data-widget_type=\"text-editor.default\">\n\t\t\t\t\t\t\t\t\t<p>Ateral \u00e9s una empresa dedicada a les instal\u00b7lacions residencials i industrials, treballant sempre amb comprom\u00eds, responsabilitat i professionalitat.<br \/>El nostre equip est\u00e0 format per t\u00e8cnics altament qualificats, amb una s\u00f2lida formaci\u00f3 acad\u00e8mica i experi\u00e8ncia demostrable, arribant fins i tot a comptar amb <strong>un membre que imparteix<\/strong> <strong>formaci\u00f3 al Gremi d&#039;Instal\u00b7ladors de Girona<\/strong>. Aquesta vinculaci\u00f3 amb el gremi ens permet mantenir-nos constantment assessorats i al dia de les novetats del sector.<\/p><p>D&#039;aquesta manera, ens podem adaptar amb rapidesa als canvis i millores tecnol\u00f2giques, oferint solucions modernes, eficients i segures. Per garantir la m\u00e0xima qualitat, treballem \u00fanicament amb materials i equips de primera l\u00ednia, sempre seguint la normativa vigent i les recomanacions dels fabricants. A m\u00e9s, tots els nostres treballs compten amb garantia, perqu\u00e8 creiem que la confian\u00e7a es demostra amb fets.<\/p>\t\t\t\t\t\t\t\t<\/div>\n\t\t\t\t<div class=\"elementor-element elementor-element-2df3133 elementor-widget elementor-widget-button\" data-id=\"2df3133\" data-element_type=\"widget\" data-widget_type=\"button.default\">\n\t\t\t\t\t\t\t\t\t\t<a class=\"elementor-button elementor-button-link elementor-size-sm\" href=\"\/ca\/servicios\/\">\n\t\t\t\t\t\t<span class=\"elementor-button-content-wrapper\">\n\t\t\t\t\t\t\t\t\t<span class=\"elementor-button-text\">SERVEIS<\/span>\n\t\t\t\t\t<\/span>\n\t\t\t\t\t<\/a>\n\t\t\t\t\t\t\t\t<\/div>\n\t\t\t\t<div class=\"elementor-element elementor-element-6c4b303 elementor-absolute e-transform e-transform e-transform elementor-hidden-mobile elementor-widget elementor-widget-heading\" data-id=\"6c4b303\" data-element_type=\"widget\" data-settings=\"{&quot;_position&quot;:&quot;absolute&quot;,&quot;_transform_rotateZ_effect&quot;:{&quot;unit&quot;:&quot;px&quot;,&quot;size&quot;:90,&quot;sizes&quot;:[]},&quot;_transform_flipX_effect&quot;:&quot;transform&quot;,&quot;_transform_flipY_effect&quot;:&quot;transform&quot;,&quot;_transform_rotateZ_effect_tablet&quot;:{&quot;unit&quot;:&quot;deg&quot;,&quot;size&quot;:&quot;&quot;,&quot;sizes&quot;:[]},&quot;_transform_rotateZ_effect_mobile&quot;:{&quot;unit&quot;:&quot;deg&quot;,&quot;size&quot;:&quot;&quot;,&quot;sizes&quot;:[]}}\" data-widget_type=\"heading.default\">\n\t\t\t\t\t<div class=\"elementor-heading-title elementor-size-default\">Professional<\/div>\t\t\t\t<\/div>\n\t\t\t\t<\/div>\n\t\t<div class=\"elementor-element elementor-element-8314cae e-con-full e-flex elementor-invisible e-con e-child\" data-id=\"8314cae\" data-element_type=\"container\" data-settings=\"{&quot;animation&quot;:&quot;fadeInRight&quot;,&quot;animation_delay&quot;:200,&quot;background_background&quot;:&quot;slideshow&quot;,&quot;background_slideshow_gallery&quot;:[{&quot;id&quot;:304,&quot;url&quot;:&quot;https:\\\/\\\/ateral.es\\\/wp-content\\\/uploads\\\/2025\\\/11\\\/serv6.jpg&quot;},{&quot;id&quot;:298,&quot;url&quot;:&quot;https:\\\/\\\/ateral.es\\\/wp-content\\\/uploads\\\/2025\\\/11\\\/electricititat.jpg&quot;},{&quot;id&quot;:277,&quot;url&quot;:&quot;https:\\\/\\\/ateral.es\\\/wp-content\\\/uploads\\\/2025\\\/11\\\/3.jpg&quot;},{&quot;id&quot;:306,&quot;url&quot;:&quot;https:\\\/\\\/ateral.es\\\/wp-content\\\/uploads\\\/2025\\\/11\\\/serv8.jpg&quot;}],&quot;background_slideshow_slide_duration&quot;:3000,&quot;background_slideshow_loop&quot;:&quot;yes&quot;,&quot;background_slideshow_slide_transition&quot;:&quot;fade&quot;,&quot;background_slideshow_transition_duration&quot;:500}\">\n\t\t\t\t<\/div>\n\t\t\t\t\t<\/div>\n\t\t\t\t<\/div>\n\t\t\t\t<\/div>","protected":false},"excerpt":{"rendered":"<p>Ateral especialistes en instal\u00b7lacions i manteniment Instal\u00b7lacions residencials i industrials Ateral \u00e9s una empresa dedicada a les instal\u00b7lacions residencials i industrials, treballant sempre amb comprom\u00eds, responsabilitat i professionalitat. El nostre equip est\u00e0 format per t\u00e8cnics altament qualificats, amb una s\u00f2lida formaci\u00f3 acad\u00e8mica i experi\u00e8ncia demostrable, arribant fins i tot a comptar amb un membre que imparteix formaci\u00f3 a [\u2026]<\/p>","protected":false},"author":1,"featured_media":81,"parent":0,"menu_order":0,"comment_status":"closed","ping_status":"closed","template":"","meta":{"footnotes":""},"class_list":["post-61","page","type-page","status-publish","has-post-thumbnail","hentry"],"_links":{"self":[{"href":"https:\/\/ateral.es\/ca\/wp-json\/wp\/v2\/pages\/61","targetHints":{"allow":["GET"]}}],"collection":[{"href":"https:\/\/ateral.es\/ca\/wp-json\/wp\/v2\/pages"}],"about":[{"href":"https:\/\/ateral.es\/ca\/wp-json\/wp\/v2\/types\/page"}],"author":[{"embeddable":true,"href":"https:\/\/ateral.es\/ca\/wp-json\/wp\/v2\/users\/1"}],"replies":[{"embeddable":true,"href":"https:\/\/ateral.es\/ca\/wp-json\/wp\/v2\/comments?post=61"}],"version-history":[{"count":11,"href":"https:\/\/ateral.es\/ca\/wp-json\/wp\/v2\/pages\/61\/revisions"}],"predecessor-version":[{"id":470,"href":"https:\/\/ateral.es\/ca\/wp-json\/wp\/v2\/pages\/61\/revisions\/470"}],"wp:featuredmedia":[{"embeddable":true,"href":"https:\/\/ateral.es\/ca\/wp-json\/wp\/v2\/media\/81"}],"wp:attachment":[{"href":"https:\/\/ateral.es\/ca\/wp-json\/wp\/v2\/media?parent=61"}],"curies":[{"name":"wp","href":"https:\/\/api.w.org\/{rel}","templated":true}]}}