{"id":210,"date":"2025-11-24T09:25:03","date_gmt":"2025-11-24T08:25:03","guid":{"rendered":"https:\/\/ateral.es\/?page_id=210"},"modified":"2025-12-01T13:04:15","modified_gmt":"2025-12-01T12:04:15","slug":"blog","status":"publish","type":"page","link":"https:\/\/ateral.es\/ca\/blog\/","title":{"rendered":"Blog"},"content":{"rendered":"<div data-elementor-type=\"wp-page\" data-elementor-id=\"210\" class=\"elementor elementor-210\" data-elementor-post-type=\"page\">\n\t\t\t\t<div class=\"elementor-element elementor-element-290eb62 e-flex e-con-boxed e-con e-parent\" data-id=\"290eb62\" data-element_type=\"container\">\n\t\t\t\t\t<div class=\"e-con-inner\">\n\t\t<div class=\"elementor-element elementor-element-a6d58ca e-con-full e-flex elementor-invisible e-con e-child\" data-id=\"a6d58ca\" data-element_type=\"container\" data-settings=\"{&quot;animation&quot;:&quot;fadeInLeft&quot;,&quot;animation_delay&quot;:200}\">\n\t\t\t\t<div class=\"elementor-element elementor-element-ec08314 elementor-widget__width-inherit elementor-widget elementor-widget-heading\" data-id=\"ec08314\" data-element_type=\"widget\" data-widget_type=\"heading.default\">\n\t\t\t\t\t<h2 class=\"elementor-heading-title elementor-size-default\">Blog d&#039;Ateral<\/h2>\t\t\t\t<\/div>\n\t\t\t\t<div class=\"elementor-element elementor-element-be64e1a elementor-absolute e-transform e-transform e-transform elementor-hidden-mobile elementor-widget elementor-widget-heading\" data-id=\"be64e1a\" data-element_type=\"widget\" data-settings=\"{&quot;_position&quot;:&quot;absolute&quot;,&quot;_transform_rotateZ_effect&quot;:{&quot;unit&quot;:&quot;px&quot;,&quot;size&quot;:90,&quot;sizes&quot;:[]},&quot;_transform_flipX_effect&quot;:&quot;transform&quot;,&quot;_transform_flipY_effect&quot;:&quot;transform&quot;,&quot;_transform_rotateZ_effect_tablet&quot;:{&quot;unit&quot;:&quot;deg&quot;,&quot;size&quot;:&quot;&quot;,&quot;sizes&quot;:[]},&quot;_transform_rotateZ_effect_mobile&quot;:{&quot;unit&quot;:&quot;deg&quot;,&quot;size&quot;:&quot;&quot;,&quot;sizes&quot;:[]}}\" data-widget_type=\"heading.default\">\n\t\t\t\t\t<div class=\"elementor-heading-title elementor-size-default\">Professional<\/div>\t\t\t\t<\/div>\n\t\t\t\t<div class=\"elementor-element elementor-element-e6271ac elementor-widget elementor-widget-heading\" data-id=\"e6271ac\" data-element_type=\"widget\" data-widget_type=\"heading.default\">\n\t\t\t\t\t<h3 class=\"elementor-heading-title elementor-size-default\">Projectes realitzats, informaci\u00f3 d&#039;inter\u00e8s i novetats del sector<\/h3>\t\t\t\t<\/div>\n\t\t\t\t<\/div>\n\t\t<div class=\"elementor-element elementor-element-de08d99 e-con-full e-flex elementor-invisible e-con e-child\" data-id=\"de08d99\" data-element_type=\"container\" data-settings=\"{&quot;animation&quot;:&quot;fadeInRight&quot;,&quot;animation_delay&quot;:200}\">\n\t\t\t\t<div class=\"elementor-element elementor-element-bba5a97 elementor-widget elementor-widget-text-editor\" data-id=\"bba5a97\" data-element_type=\"widget\" data-widget_type=\"text-editor.default\">\n\t\t\t\t\t\t\t\t\t<p>En aquest espai compartim informaci\u00f3 \u00fatil, projectes recents, tend\u00e8ncies del sector i continguts t\u00e8cnics elaborats pel nostre equip especialista. El nostre objectiu \u00e9s aportar coneixement i acompanyar-te a cada fase del teu projecte de construcci\u00f3 o reforma.<\/p>\t\t\t\t\t\t\t\t<\/div>\n\t\t\t\t<\/div>\n\t\t\t\t\t<\/div>\n\t\t\t\t<\/div>\n\t\t<div class=\"elementor-element elementor-element-8baa7f1 e-flex e-con-boxed e-con e-parent\" data-id=\"8baa7f1\" data-element_type=\"container\">\n\t\t\t\t\t<div class=\"e-con-inner\">\n\t\t<div class=\"elementor-element elementor-element-4fc6065 e-con-full animated-slow e-flex elementor-invisible e-con e-child\" data-id=\"4fc6065\" data-element_type=\"container\" data-settings=\"{&quot;animation&quot;:&quot;fadeInUp&quot;}\">\n\t\t\t\t<div class=\"elementor-element elementor-element-8b09592 elementor-grid-4 elementor-grid-tablet-2 elementor-grid-mobile-1 elementor-widget elementor-widget-loop-grid\" data-id=\"8b09592\" data-element_type=\"widget\" data-settings=\"{&quot;template_id&quot;:235,&quot;masonry&quot;:&quot;yes&quot;,&quot;row_gap&quot;:{&quot;unit&quot;:&quot;px&quot;,&quot;size&quot;:30,&quot;sizes&quot;:[]},&quot;columns&quot;:4,&quot;_skin&quot;:&quot;post&quot;,&quot;columns_tablet&quot;:&quot;2&quot;,&quot;columns_mobile&quot;:&quot;1&quot;,&quot;edit_handle_selector&quot;:&quot;[data-elementor-type=\\&quot;loop-item\\&quot;]&quot;,&quot;row_gap_tablet&quot;:{&quot;unit&quot;:&quot;px&quot;,&quot;size&quot;:&quot;&quot;,&quot;sizes&quot;:[]},&quot;row_gap_mobile&quot;:{&quot;unit&quot;:&quot;px&quot;,&quot;size&quot;:&quot;&quot;,&quot;sizes&quot;:[]}}\" data-widget_type=\"loop-grid.post\">\n\t\t\t\t<div class=\"elementor-widget-container\">\n\t\t\t\t\t\t\t<div class=\"elementor-loop-container elementor-grid\" role=\"list\">\n\t\t<style id=\"loop-dynamic-235\">.e-loop-item-232 .elementor-element.elementor-element-212ecd2:not(.elementor-motion-effects-element-type-background), .e-loop-item-232 .elementor-element.elementor-element-212ecd2 > .elementor-motion-effects-container > .elementor-motion-effects-layer{background-image:url(\"https:\/\/ateral.es\/wp-content\/uploads\/2025\/11\/blog4.jpg\");}<\/style><style id=\"loop-235\">.elementor-235 .elementor-element.elementor-element-060f8c0{--display:flex;--min-height:17vh;--flex-direction:column;--container-widget-width:100%;--container-widget-height:initial;--container-widget-flex-grow:0;--container-widget-align-self:initial;--flex-wrap-mobile:wrap;--gap:0px 0px;--row-gap:0px;--column-gap:0px;--border-radius:20px 20px 20px 20px;box-shadow:-3px 5px 10px 0px rgba(0, 0, 0, 0.15);--margin-top:0px;--margin-bottom:0px;--margin-left:0px;--margin-right:0px;--padding-top:0px;--padding-bottom:0px;--padding-left:0px;--padding-right:0px;}.elementor-235 .elementor-element.elementor-element-212ecd2{--display:flex;--min-height:220px;--border-radius:20px 20px 0px 0px;}.elementor-235 .elementor-element.elementor-element-212ecd2:not(.elementor-motion-effects-element-type-background), .elementor-235 .elementor-element.elementor-element-212ecd2 > .elementor-motion-effects-container > .elementor-motion-effects-layer{background-position:center center;background-repeat:no-repeat;background-size:cover;}.elementor-235 .elementor-element.elementor-element-01b5b4c{--spacer-size:147px;}.elementor-235 .elementor-element.elementor-element-d674ee5{--display:flex;--min-height:36vh;--gap:0px 0px;--row-gap:0px;--column-gap:0px;--padding-top:20px;--padding-bottom:20px;--padding-left:20px;--padding-right:20px;}.elementor-widget-heading .elementor-heading-title{font-family:var( --e-global-typography-primary-font-family ), Sans-serif;font-weight:var( --e-global-typography-primary-font-weight );color:var( --e-global-color-primary );}.elementor-235 .elementor-element.elementor-element-7d65960 .elementor-heading-title{font-family:\"Urbanist\", Sans-serif;font-size:13px;font-weight:600;text-transform:uppercase;letter-spacing:1px;color:var( --e-global-color-primary );}.elementor-235 .elementor-element.elementor-element-da45ce1{margin:12px 0px calc(var(--kit-widget-spacing, 0px) + 10px) 0px;}.elementor-235 .elementor-element.elementor-element-da45ce1 .elementor-heading-title{font-family:\"Urbanist\", Sans-serif;font-size:23px;font-weight:500;line-height:1.2em;color:var( --e-global-color-secondary );}.elementor-widget-theme-post-excerpt{font-family:var( --e-global-typography-text-font-family ), Sans-serif;font-weight:var( --e-global-typography-text-font-weight );color:var( --e-global-color-text );}.elementor-235 .elementor-element.elementor-element-b6faa3a{font-family:\"Urbanist\", Sans-serif;font-size:16px;font-weight:400;margin-bottom:0px;color:var( --e-global-color-secondary );}.elementor-235 .elementor-element.elementor-element-b6faa3a a{color:var( --e-global-color-primary );}.elementor-widget-button .elementor-button{background-color:var( --e-global-color-accent );font-family:var( --e-global-typography-accent-font-family ), Sans-serif;font-weight:var( --e-global-typography-accent-font-weight );}.elementor-235 .elementor-element.elementor-element-687401d .elementor-button{background-color:var( --e-global-color-primary );font-family:\"Urbanist\", Sans-serif;font-size:14px;font-weight:600;text-transform:uppercase;letter-spacing:1.3px;fill:#FFFFFF;color:#FFFFFF;border-style:solid;border-color:var( --e-global-color-primary );border-radius:21px 21px 21px 21px;padding:8px 20px 8px 20px;}.elementor-235 .elementor-element.elementor-element-687401d .elementor-button:hover, .elementor-235 .elementor-element.elementor-element-687401d .elementor-button:focus{background-color:var( --e-global-color-primary );}.elementor-235 .elementor-element.elementor-element-687401d:hover{--e-transform-scale:1.04;}.elementor-235 .elementor-element.elementor-element-687401d.elementor-element{--align-self:flex-start;}\/* Start custom CSS for container, class: .elementor-element-212ecd2 *\/.elementor-235 .elementor-element.elementor-element-212ecd2 {\n    background-size: cover;\n    background-position: center;\n}\/* End custom CSS *\/<\/style>\t\t<div data-elementor-type=\"loop-item\" data-elementor-id=\"235\" class=\"elementor elementor-235 e-loop-item e-loop-item-232 post-232 post type-post status-publish format-standard has-post-thumbnail hentry category-uncategorized\" data-elementor-post-type=\"elementor_library\" data-custom-edit-handle=\"1\">\n\t\t\t<div class=\"elementor-element elementor-element-060f8c0 e-flex e-con-boxed e-con e-parent\" data-id=\"060f8c0\" data-element_type=\"container\">\n\t\t\t\t\t<div class=\"e-con-inner\">\n\t\t<div class=\"elementor-element elementor-element-212ecd2 e-con-full e-flex e-con e-child\" data-id=\"212ecd2\" data-element_type=\"container\" data-settings=\"{&quot;background_background&quot;:&quot;classic&quot;}\">\n\t\t\t\t<div class=\"elementor-element elementor-element-01b5b4c elementor-widget elementor-widget-spacer\" data-id=\"01b5b4c\" data-element_type=\"widget\" data-widget_type=\"spacer.default\">\n\t\t\t\t\t\t\t<div class=\"elementor-spacer\">\n\t\t\t<div class=\"elementor-spacer-inner\"><\/div>\n\t\t<\/div>\n\t\t\t\t\t\t<\/div>\n\t\t\t\t<\/div>\n\t\t<div class=\"elementor-element elementor-element-d674ee5 e-con-full e-flex e-con e-child\" data-id=\"d674ee5\" data-element_type=\"container\">\n\t\t\t\t<div class=\"elementor-element elementor-element-7d65960 elementor-widget elementor-widget-heading\" data-id=\"7d65960\" data-element_type=\"widget\" data-widget_type=\"heading.default\">\n\t\t\t\t\t<h6 class=\"elementor-heading-title elementor-size-default\">24 de novembre de 2025<\/h6>\t\t\t\t<\/div>\n\t\t\t\t<div class=\"elementor-element elementor-element-da45ce1 elementor-widget elementor-widget-heading\" data-id=\"da45ce1\" data-element_type=\"widget\" data-widget_type=\"heading.default\">\n\t\t\t\t\t<h2 class=\"elementor-heading-title elementor-size-default\">Com reduir la factura de la llum<\/h2>\t\t\t\t<\/div>\n\t\t\t\t<div class=\"elementor-element elementor-element-b6faa3a elementor-widget elementor-widget-theme-post-excerpt\" data-id=\"b6faa3a\" data-element_type=\"widget\" data-widget_type=\"theme-post-excerpt.default\">\n\t\t\t\t\t<p>La factura el\u00e8ctrica s&#039;ha convertit en una de les despeses m\u00e9s importants tant en...\t\t\t\t<\/div>\n\t\t\t\t<div class=\"elementor-element elementor-element-687401d e-transform elementor-widget elementor-widget-button\" data-id=\"687401d\" data-element_type=\"widget\" data-settings=\"{&quot;_transform_scale_effect_hover&quot;:{&quot;unit&quot;:&quot;px&quot;,&quot;size&quot;:1.04,&quot;sizes&quot;:[]},&quot;_transform_scale_effect_hover_tablet&quot;:{&quot;unit&quot;:&quot;px&quot;,&quot;size&quot;:&quot;&quot;,&quot;sizes&quot;:[]},&quot;_transform_scale_effect_hover_mobile&quot;:{&quot;unit&quot;:&quot;px&quot;,&quot;size&quot;:&quot;&quot;,&quot;sizes&quot;:[]}}\" data-widget_type=\"button.default\">\n\t\t\t\t\t\t\t\t\t\t<a class=\"elementor-button elementor-button-link elementor-size-sm\" href=\"https:\/\/ateral.es\/ca\/como-reducir-tu-factura-de-la-luz\/\">\n\t\t\t\t\t\t<span class=\"elementor-button-content-wrapper\">\n\t\t\t\t\t\t\t\t\t<span class=\"elementor-button-text\">Llegir article<\/span>\n\t\t\t\t\t<\/span>\n\t\t\t\t\t<\/a>\n\t\t\t\t\t\t\t\t<\/div>\n\t\t\t\t<\/div>\n\t\t\t\t\t<\/div>\n\t\t\t\t<\/div>\n\t\t\t\t<\/div>\n\t\t<style id=\"loop-dynamic-235\">.e-loop-item-229 .elementor-element.elementor-element-212ecd2:not(.elementor-motion-effects-element-type-background), .e-loop-item-229 .elementor-element.elementor-element-212ecd2 > .elementor-motion-effects-container > .elementor-motion-effects-layer{background-image:url(\"https:\/\/ateral.es\/wp-content\/uploads\/2025\/11\/blog3.jpg\");}<\/style>\t\t<div data-elementor-type=\"loop-item\" data-elementor-id=\"235\" class=\"elementor elementor-235 e-loop-item e-loop-item-229 post-229 post type-post status-publish format-standard has-post-thumbnail hentry category-uncategorized\" data-elementor-post-type=\"elementor_library\" data-custom-edit-handle=\"1\">\n\t\t\t<div class=\"elementor-element elementor-element-060f8c0 e-flex e-con-boxed e-con e-parent\" data-id=\"060f8c0\" data-element_type=\"container\">\n\t\t\t\t\t<div class=\"e-con-inner\">\n\t\t<div class=\"elementor-element elementor-element-212ecd2 e-con-full e-flex e-con e-child\" data-id=\"212ecd2\" data-element_type=\"container\" data-settings=\"{&quot;background_background&quot;:&quot;classic&quot;}\">\n\t\t\t\t<div class=\"elementor-element elementor-element-01b5b4c elementor-widget elementor-widget-spacer\" data-id=\"01b5b4c\" data-element_type=\"widget\" data-widget_type=\"spacer.default\">\n\t\t\t\t\t\t\t<div class=\"elementor-spacer\">\n\t\t\t<div class=\"elementor-spacer-inner\"><\/div>\n\t\t<\/div>\n\t\t\t\t\t\t<\/div>\n\t\t\t\t<\/div>\n\t\t<div class=\"elementor-element elementor-element-d674ee5 e-con-full e-flex e-con e-child\" data-id=\"d674ee5\" data-element_type=\"container\">\n\t\t\t\t<div class=\"elementor-element elementor-element-7d65960 elementor-widget elementor-widget-heading\" data-id=\"7d65960\" data-element_type=\"widget\" data-widget_type=\"heading.default\">\n\t\t\t\t\t<h6 class=\"elementor-heading-title elementor-size-default\">15 d&#039;octubre del 2025<\/h6>\t\t\t\t<\/div>\n\t\t\t\t<div class=\"elementor-element elementor-element-da45ce1 elementor-widget elementor-widget-heading\" data-id=\"da45ce1\" data-element_type=\"widget\" data-widget_type=\"heading.default\">\n\t\t\t\t\t<h2 class=\"elementor-heading-title elementor-size-default\">Impacte de la contaminaci\u00f3 ambiental<\/h2>\t\t\t\t<\/div>\n\t\t\t\t<div class=\"elementor-element elementor-element-b6faa3a elementor-widget elementor-widget-theme-post-excerpt\" data-id=\"b6faa3a\" data-element_type=\"widget\" data-widget_type=\"theme-post-excerpt.default\">\n\t\t\t\t\t<p>La contaminaci\u00f3 ambiental \u00e9s un dels grans reptes del nostre temps. L&#039;emissi\u00f3 de...\t\t\t\t<\/div>\n\t\t\t\t<div class=\"elementor-element elementor-element-687401d e-transform elementor-widget elementor-widget-button\" data-id=\"687401d\" data-element_type=\"widget\" data-settings=\"{&quot;_transform_scale_effect_hover&quot;:{&quot;unit&quot;:&quot;px&quot;,&quot;size&quot;:1.04,&quot;sizes&quot;:[]},&quot;_transform_scale_effect_hover_tablet&quot;:{&quot;unit&quot;:&quot;px&quot;,&quot;size&quot;:&quot;&quot;,&quot;sizes&quot;:[]},&quot;_transform_scale_effect_hover_mobile&quot;:{&quot;unit&quot;:&quot;px&quot;,&quot;size&quot;:&quot;&quot;,&quot;sizes&quot;:[]}}\" data-widget_type=\"button.default\">\n\t\t\t\t\t\t\t\t\t\t<a class=\"elementor-button elementor-button-link elementor-size-sm\" href=\"https:\/\/ateral.es\/ca\/impacto-de-la-contaminacion-ambiental\/\">\n\t\t\t\t\t\t<span class=\"elementor-button-content-wrapper\">\n\t\t\t\t\t\t\t\t\t<span class=\"elementor-button-text\">Llegir article<\/span>\n\t\t\t\t\t<\/span>\n\t\t\t\t\t<\/a>\n\t\t\t\t\t\t\t\t<\/div>\n\t\t\t\t<\/div>\n\t\t\t\t\t<\/div>\n\t\t\t\t<\/div>\n\t\t\t\t<\/div>\n\t\t<style id=\"loop-dynamic-235\">.e-loop-item-226 .elementor-element.elementor-element-212ecd2:not(.elementor-motion-effects-element-type-background), .e-loop-item-226 .elementor-element.elementor-element-212ecd2 > .elementor-motion-effects-container > .elementor-motion-effects-layer{background-image:url(\"https:\/\/ateral.es\/wp-content\/uploads\/2025\/11\/blog2.jpg\");}<\/style>\t\t<div data-elementor-type=\"loop-item\" data-elementor-id=\"235\" class=\"elementor elementor-235 e-loop-item e-loop-item-226 post-226 post type-post status-publish format-standard has-post-thumbnail hentry category-uncategorized\" data-elementor-post-type=\"elementor_library\" data-custom-edit-handle=\"1\">\n\t\t\t<div class=\"elementor-element elementor-element-060f8c0 e-flex e-con-boxed e-con e-parent\" data-id=\"060f8c0\" data-element_type=\"container\">\n\t\t\t\t\t<div class=\"e-con-inner\">\n\t\t<div class=\"elementor-element elementor-element-212ecd2 e-con-full e-flex e-con e-child\" data-id=\"212ecd2\" data-element_type=\"container\" data-settings=\"{&quot;background_background&quot;:&quot;classic&quot;}\">\n\t\t\t\t<div class=\"elementor-element elementor-element-01b5b4c elementor-widget elementor-widget-spacer\" data-id=\"01b5b4c\" data-element_type=\"widget\" data-widget_type=\"spacer.default\">\n\t\t\t\t\t\t\t<div class=\"elementor-spacer\">\n\t\t\t<div class=\"elementor-spacer-inner\"><\/div>\n\t\t<\/div>\n\t\t\t\t\t\t<\/div>\n\t\t\t\t<\/div>\n\t\t<div class=\"elementor-element elementor-element-d674ee5 e-con-full e-flex e-con e-child\" data-id=\"d674ee5\" data-element_type=\"container\">\n\t\t\t\t<div class=\"elementor-element elementor-element-7d65960 elementor-widget elementor-widget-heading\" data-id=\"7d65960\" data-element_type=\"widget\" data-widget_type=\"heading.default\">\n\t\t\t\t\t<h6 class=\"elementor-heading-title elementor-size-default\">20 de setembre de 2025<\/h6>\t\t\t\t<\/div>\n\t\t\t\t<div class=\"elementor-element elementor-element-da45ce1 elementor-widget elementor-widget-heading\" data-id=\"da45ce1\" data-element_type=\"widget\" data-widget_type=\"heading.default\">\n\t\t\t\t\t<h2 class=\"elementor-heading-title elementor-size-default\">Verifica que el teu instal\u00b7lador estigui acreditat: guia pr\u00e0ctica per a clients<\/h2>\t\t\t\t<\/div>\n\t\t\t\t<div class=\"elementor-element elementor-element-b6faa3a elementor-widget elementor-widget-theme-post-excerpt\" data-id=\"b6faa3a\" data-element_type=\"widget\" data-widget_type=\"theme-post-excerpt.default\">\n\t\t\t\t\t<p>A l&#039;hora de realitzar una instal\u00b7laci\u00f3 el\u00e8ctrica, de climatitzaci\u00f3 o fontaneria, \u00e9s fonamental assegurar-te...\t\t\t\t<\/div>\n\t\t\t\t<div class=\"elementor-element elementor-element-687401d e-transform elementor-widget elementor-widget-button\" data-id=\"687401d\" data-element_type=\"widget\" data-settings=\"{&quot;_transform_scale_effect_hover&quot;:{&quot;unit&quot;:&quot;px&quot;,&quot;size&quot;:1.04,&quot;sizes&quot;:[]},&quot;_transform_scale_effect_hover_tablet&quot;:{&quot;unit&quot;:&quot;px&quot;,&quot;size&quot;:&quot;&quot;,&quot;sizes&quot;:[]},&quot;_transform_scale_effect_hover_mobile&quot;:{&quot;unit&quot;:&quot;px&quot;,&quot;size&quot;:&quot;&quot;,&quot;sizes&quot;:[]}}\" data-widget_type=\"button.default\">\n\t\t\t\t\t\t\t\t\t\t<a class=\"elementor-button elementor-button-link elementor-size-sm\" href=\"https:\/\/ateral.es\/ca\/verifica-que-tu-instalador-este-acreditado-guia-practica-para-clientes\/\">\n\t\t\t\t\t\t<span class=\"elementor-button-content-wrapper\">\n\t\t\t\t\t\t\t\t\t<span class=\"elementor-button-text\">Llegir article<\/span>\n\t\t\t\t\t<\/span>\n\t\t\t\t\t<\/a>\n\t\t\t\t\t\t\t\t<\/div>\n\t\t\t\t<\/div>\n\t\t\t\t\t<\/div>\n\t\t\t\t<\/div>\n\t\t\t\t<\/div>\n\t\t<style id=\"loop-dynamic-235\">.e-loop-item-223 .elementor-element.elementor-element-212ecd2:not(.elementor-motion-effects-element-type-background), .e-loop-item-223 .elementor-element.elementor-element-212ecd2 > .elementor-motion-effects-container > .elementor-motion-effects-layer{background-image:url(\"https:\/\/ateral.es\/wp-content\/uploads\/2025\/11\/postimg.jpg\");}<\/style>\t\t<div data-elementor-type=\"loop-item\" data-elementor-id=\"235\" class=\"elementor elementor-235 e-loop-item e-loop-item-223 post-223 post type-post status-publish format-standard has-post-thumbnail hentry category-uncategorized\" data-elementor-post-type=\"elementor_library\" data-custom-edit-handle=\"1\">\n\t\t\t<div class=\"elementor-element elementor-element-060f8c0 e-flex e-con-boxed e-con e-parent\" data-id=\"060f8c0\" data-element_type=\"container\">\n\t\t\t\t\t<div class=\"e-con-inner\">\n\t\t<div class=\"elementor-element elementor-element-212ecd2 e-con-full e-flex e-con e-child\" data-id=\"212ecd2\" data-element_type=\"container\" data-settings=\"{&quot;background_background&quot;:&quot;classic&quot;}\">\n\t\t\t\t<div class=\"elementor-element elementor-element-01b5b4c elementor-widget elementor-widget-spacer\" data-id=\"01b5b4c\" data-element_type=\"widget\" data-widget_type=\"spacer.default\">\n\t\t\t\t\t\t\t<div class=\"elementor-spacer\">\n\t\t\t<div class=\"elementor-spacer-inner\"><\/div>\n\t\t<\/div>\n\t\t\t\t\t\t<\/div>\n\t\t\t\t<\/div>\n\t\t<div class=\"elementor-element elementor-element-d674ee5 e-con-full e-flex e-con e-child\" data-id=\"d674ee5\" data-element_type=\"container\">\n\t\t\t\t<div class=\"elementor-element elementor-element-7d65960 elementor-widget elementor-widget-heading\" data-id=\"7d65960\" data-element_type=\"widget\" data-widget_type=\"heading.default\">\n\t\t\t\t\t<h6 class=\"elementor-heading-title elementor-size-default\">11 d&#039;agost del 2025<\/h6>\t\t\t\t<\/div>\n\t\t\t\t<div class=\"elementor-element elementor-element-da45ce1 elementor-widget elementor-widget-heading\" data-id=\"da45ce1\" data-element_type=\"widget\" data-widget_type=\"heading.default\">\n\t\t\t\t\t<h2 class=\"elementor-heading-title elementor-size-default\">Com triar un instal\u00b7lador adequat<\/h2>\t\t\t\t<\/div>\n\t\t\t\t<div class=\"elementor-element elementor-element-b6faa3a elementor-widget elementor-widget-theme-post-excerpt\" data-id=\"b6faa3a\" data-element_type=\"widget\" data-widget_type=\"theme-post-excerpt.default\">\n\t\t\t\t\t<p>Punts clau per triar un instal\u00b7lador: Detall complet: El pressupost ha de desglossar tots els costos:...\t\t\t\t<\/div>\n\t\t\t\t<div class=\"elementor-element elementor-element-687401d e-transform elementor-widget elementor-widget-button\" data-id=\"687401d\" data-element_type=\"widget\" data-settings=\"{&quot;_transform_scale_effect_hover&quot;:{&quot;unit&quot;:&quot;px&quot;,&quot;size&quot;:1.04,&quot;sizes&quot;:[]},&quot;_transform_scale_effect_hover_tablet&quot;:{&quot;unit&quot;:&quot;px&quot;,&quot;size&quot;:&quot;&quot;,&quot;sizes&quot;:[]},&quot;_transform_scale_effect_hover_mobile&quot;:{&quot;unit&quot;:&quot;px&quot;,&quot;size&quot;:&quot;&quot;,&quot;sizes&quot;:[]}}\" data-widget_type=\"button.default\">\n\t\t\t\t\t\t\t\t\t\t<a class=\"elementor-button elementor-button-link elementor-size-sm\" href=\"https:\/\/ateral.es\/ca\/como-elegir-un-instalador-adecuado\/\">\n\t\t\t\t\t\t<span class=\"elementor-button-content-wrapper\">\n\t\t\t\t\t\t\t\t\t<span class=\"elementor-button-text\">Llegir article<\/span>\n\t\t\t\t\t<\/span>\n\t\t\t\t\t<\/a>\n\t\t\t\t\t\t\t\t<\/div>\n\t\t\t\t<\/div>\n\t\t\t\t\t<\/div>\n\t\t\t\t<\/div>\n\t\t\t\t<\/div>\n\t\t\t\t<\/div>\n\t\t\n\t\t\t\t\t\t<\/div>\n\t\t\t\t<\/div>\n\t\t\t\t<div class=\"elementor-element elementor-element-a1af95b elementor-absolute e-transform e-transform e-transform elementor-hidden-mobile elementor-widget elementor-widget-heading\" data-id=\"a1af95b\" data-element_type=\"widget\" data-settings=\"{&quot;_position&quot;:&quot;absolute&quot;,&quot;_transform_rotateZ_effect&quot;:{&quot;unit&quot;:&quot;px&quot;,&quot;size&quot;:90,&quot;sizes&quot;:[]},&quot;_transform_flipX_effect&quot;:&quot;transform&quot;,&quot;_transform_flipY_effect&quot;:&quot;transform&quot;,&quot;_transform_rotateZ_effect_tablet&quot;:{&quot;unit&quot;:&quot;deg&quot;,&quot;size&quot;:&quot;&quot;,&quot;sizes&quot;:[]},&quot;_transform_rotateZ_effect_mobile&quot;:{&quot;unit&quot;:&quot;deg&quot;,&quot;size&quot;:&quot;&quot;,&quot;sizes&quot;:[]}}\" data-widget_type=\"heading.default\">\n\t\t\t\t\t<div class=\"elementor-heading-title elementor-size-default\">Professional<\/div>\t\t\t\t<\/div>\n\t\t\t\t<\/div>\n\t\t\t\t\t<\/div>\n\t\t\t\t<\/div>\n\t\t\t\t<\/div>","protected":false},"excerpt":{"rendered":"<p>Blog d\u00b4Ateral Professional Projectes realitzats, informaci\u00f3 d\u00b4inter\u00e8s i novetats del sector En aquest espai compartim informaci\u00f3 \u00fatil, projectes recents, tend\u00e8ncies del sector i continguts t\u00e8cnics elaborats pel nostre equip d\u00b4especialistes. El nostre objectiu \u00e9s aportar coneixement i acompanyar-te a cada fase del teu projecte de construcci\u00f3 o reforma. Professional<\/p>","protected":false},"author":1,"featured_media":221,"parent":0,"menu_order":0,"comment_status":"closed","ping_status":"closed","template":"","meta":{"footnotes":""},"class_list":["post-210","page","type-page","status-publish","has-post-thumbnail","hentry"],"_links":{"self":[{"href":"https:\/\/ateral.es\/ca\/wp-json\/wp\/v2\/pages\/210","targetHints":{"allow":["GET"]}}],"collection":[{"href":"https:\/\/ateral.es\/ca\/wp-json\/wp\/v2\/pages"}],"about":[{"href":"https:\/\/ateral.es\/ca\/wp-json\/wp\/v2\/types\/page"}],"author":[{"embeddable":true,"href":"https:\/\/ateral.es\/ca\/wp-json\/wp\/v2\/users\/1"}],"replies":[{"embeddable":true,"href":"https:\/\/ateral.es\/ca\/wp-json\/wp\/v2\/comments?post=210"}],"version-history":[{"count":38,"href":"https:\/\/ateral.es\/ca\/wp-json\/wp\/v2\/pages\/210\/revisions"}],"predecessor-version":[{"id":472,"href":"https:\/\/ateral.es\/ca\/wp-json\/wp\/v2\/pages\/210\/revisions\/472"}],"wp:featuredmedia":[{"embeddable":true,"href":"https:\/\/ateral.es\/ca\/wp-json\/wp\/v2\/media\/221"}],"wp:attachment":[{"href":"https:\/\/ateral.es\/ca\/wp-json\/wp\/v2\/media?parent=210"}],"curies":[{"name":"wp","href":"https:\/\/api.w.org\/{rel}","templated":true}]}}